{"id":79,"date":"2014-02-03T12:46:29","date_gmt":"2014-02-03T10:46:29","guid":{"rendered":"http:\/\/www.litsat1.eu\/en\/?page_id=79"},"modified":"2014-03-03T13:54:22","modified_gmt":"2014-03-03T11:54:22","slug":"satellite-receiving-station","status":"publish","type":"page","link":"https:\/\/www.litsat1.eu\/en\/litsat-1-technical-overview\/satellite-receiving-station\/","title":{"rendered":"The satellite communication stations"},"content":{"rendered":"<p>&nbsp;<\/p>\r\n<a target=\"_blank\" href=\"\/en\/wp-content\/uploads\/2014\/02\/zemes_rysio_stotis_sus.png\"><img loading=\"lazy\" decoding=\"async\" src=\"\/en\/wp-content\/uploads\/2014\/02\/zemes_rysio_stotis_sus.png\" alt=\"\u017dem\u0117s ry\u0161io stotis\" class=\"alignnone size-full wp-image-710\" height=\"135\" width=\"640\" \/><\/a><br \/>\r\n<h2 style=\"text-align: center;\">Liepiskes Radio Station<\/h2>\r\n<!-- index.php -->\n<div\n\tclass=\"ngg-galleryoverview\n\t ngg-ajax-pagination-none\t\"\n\tid=\"ngg-gallery-1ba1498301be11dd99a25656b3a6494c-1\">\n\n\t\t\t<!-- Thumbnails -->\n\t\t\t\t<div id=\"ngg-image-0\" class=\"ngg-gallery-thumbnail-box\"\n\t\t\t\t\t\t\t\t\t\t\t>\n\t\t\t\t\t\t<div class=\"ngg-gallery-thumbnail\">\n\t\t\t<a href=\"https:\/\/www.litsat1.eu\/en\/wp-content\/blogs.dir\/2\/files\/liepiskes-radio-station\/20131001_153110.jpg\"\n\t\t\t\ttitle=\"\"\n\t\t\t\tdata-src=\"https:\/\/www.litsat1.eu\/en\/wp-content\/blogs.dir\/2\/files\/liepiskes-radio-station\/20131001_153110.jpg\"\n\t\t\t\tdata-thumbnail=\"https:\/\/www.litsat1.eu\/en\/wp-content\/blogs.dir\/2\/files\/liepiskes-radio-station\/thumbs\/thumbs_20131001_153110.jpg\"\n\t\t\t\tdata-image-id=\"3\"\n\t\t\t\tdata-title=\"20131001_153110\"\n\t\t\t\tdata-description=\"\"\n\t\t\t\tdata-image-slug=\"20131001_153110\"\n\t\t\t\tclass=\"ngg-simplelightbox\" rel=\"1ba1498301be11dd99a25656b3a6494c\">\n\t\t\t\t<img\n\t\t\t\t\ttitle=\"20131001_153110\"\n\t\t\t\t\talt=\"20131001_153110\"\n\t\t\t\t\tsrc=\"https:\/\/www.litsat1.eu\/en\/wp-content\/blogs.dir\/2\/files\/liepiskes-radio-station\/cache\/20131001_153110.jpg-nggid013-ngg0dyn-194x146x100-00f0w010c011r110f110r010t010.jpg\"\n\t\t\t\t\twidth=\"194\"\n\t\t\t\t\theight=\"146\"\n\t\t\t\t\tstyle=\"max-width:100%;\"\n\t\t\t\t\/>\n\t\t\t<\/a>\n\t\t<\/div>\n\t\t\t\t\t\t\t<\/div>\n\t\t\t\n\t\t\n\t\t\t\t<div id=\"ngg-image-1\" class=\"ngg-gallery-thumbnail-box\"\n\t\t\t\t\t\t\t\t\t\t\t>\n\t\t\t\t\t\t<div class=\"ngg-gallery-thumbnail\">\n\t\t\t<a href=\"https:\/\/www.litsat1.eu\/en\/wp-content\/blogs.dir\/2\/files\/liepiskes-radio-station\/img-20140206-001641.jpg\"\n\t\t\t\ttitle=\"\"\n\t\t\t\tdata-src=\"https:\/\/www.litsat1.eu\/en\/wp-content\/blogs.dir\/2\/files\/liepiskes-radio-station\/img-20140206-001641.jpg\"\n\t\t\t\tdata-thumbnail=\"https:\/\/www.litsat1.eu\/en\/wp-content\/blogs.dir\/2\/files\/liepiskes-radio-station\/thumbs\/thumbs_img-20140206-001641.jpg\"\n\t\t\t\tdata-image-id=\"4\"\n\t\t\t\tdata-title=\"img-20140206-001641\"\n\t\t\t\tdata-description=\"\"\n\t\t\t\tdata-image-slug=\"img-20140206-001641\"\n\t\t\t\tclass=\"ngg-simplelightbox\" rel=\"1ba1498301be11dd99a25656b3a6494c\">\n\t\t\t\t<img\n\t\t\t\t\ttitle=\"img-20140206-001641\"\n\t\t\t\t\talt=\"img-20140206-001641\"\n\t\t\t\t\tsrc=\"https:\/\/www.litsat1.eu\/en\/wp-content\/blogs.dir\/2\/files\/liepiskes-radio-station\/cache\/img-20140206-001641.jpg-nggid014-ngg0dyn-194x146x100-00f0w010c011r110f110r010t010.jpg\"\n\t\t\t\t\twidth=\"194\"\n\t\t\t\t\theight=\"146\"\n\t\t\t\t\tstyle=\"max-width:100%;\"\n\t\t\t\t\/>\n\t\t\t<\/a>\n\t\t<\/div>\n\t\t\t\t\t\t\t<\/div>\n\t\t\t\n\t\t\n\t\t\t\t<div id=\"ngg-image-2\" class=\"ngg-gallery-thumbnail-box\"\n\t\t\t\t\t\t\t\t\t\t\t>\n\t\t\t\t\t\t<div class=\"ngg-gallery-thumbnail\">\n\t\t\t<a href=\"https:\/\/www.litsat1.eu\/en\/wp-content\/blogs.dir\/2\/files\/liepiskes-radio-station\/img-20140206-001671.jpg\"\n\t\t\t\ttitle=\"\"\n\t\t\t\tdata-src=\"https:\/\/www.litsat1.eu\/en\/wp-content\/blogs.dir\/2\/files\/liepiskes-radio-station\/img-20140206-001671.jpg\"\n\t\t\t\tdata-thumbnail=\"https:\/\/www.litsat1.eu\/en\/wp-content\/blogs.dir\/2\/files\/liepiskes-radio-station\/thumbs\/thumbs_img-20140206-001671.jpg\"\n\t\t\t\tdata-image-id=\"5\"\n\t\t\t\tdata-title=\"img-20140206-001671\"\n\t\t\t\tdata-description=\"\"\n\t\t\t\tdata-image-slug=\"img-20140206-001671\"\n\t\t\t\tclass=\"ngg-simplelightbox\" rel=\"1ba1498301be11dd99a25656b3a6494c\">\n\t\t\t\t<img\n\t\t\t\t\ttitle=\"img-20140206-001671\"\n\t\t\t\t\talt=\"img-20140206-001671\"\n\t\t\t\t\tsrc=\"https:\/\/www.litsat1.eu\/en\/wp-content\/blogs.dir\/2\/files\/liepiskes-radio-station\/cache\/img-20140206-001671.jpg-nggid015-ngg0dyn-194x146x100-00f0w010c011r110f110r010t010.jpg\"\n\t\t\t\t\twidth=\"194\"\n\t\t\t\t\theight=\"146\"\n\t\t\t\t\tstyle=\"max-width:100%;\"\n\t\t\t\t\/>\n\t\t\t<\/a>\n\t\t<\/div>\n\t\t\t\t\t\t\t<\/div>\n\t\t\t\n\t\t\n\t\t\n\t\t<!-- Pagination -->\n\t\t<div class='ngg-clear'><\/div>\t<\/div>\n<br \/>\r\n<h2 style=\"text-align: center;\">KTU Radio Station<\/h2>\r\n<!-- index.php -->\n<div\n\tclass=\"ngg-galleryoverview\n\t ngg-ajax-pagination-none\t\"\n\tid=\"ngg-gallery-1e068e6674f874a4839f09264d5beed5-1\">\n\n\t\t\t<!-- Thumbnails -->\n\t\t\t\t<div id=\"ngg-image-0\" class=\"ngg-gallery-thumbnail-box\"\n\t\t\t\t\t\t\t\t\t\t\t>\n\t\t\t\t\t\t<div class=\"ngg-gallery-thumbnail\">\n\t\t\t<a href=\"https:\/\/www.litsat1.eu\/en\/wp-content\/blogs.dir\/2\/files\/ktu-radio-station\/20140227_091308.jpg\"\n\t\t\t\ttitle=\"\"\n\t\t\t\tdata-src=\"https:\/\/www.litsat1.eu\/en\/wp-content\/blogs.dir\/2\/files\/ktu-radio-station\/20140227_091308.jpg\"\n\t\t\t\tdata-thumbnail=\"https:\/\/www.litsat1.eu\/en\/wp-content\/blogs.dir\/2\/files\/ktu-radio-station\/thumbs\/thumbs_20140227_091308.jpg\"\n\t\t\t\tdata-image-id=\"6\"\n\t\t\t\tdata-title=\"20140227_091308\"\n\t\t\t\tdata-description=\"\"\n\t\t\t\tdata-image-slug=\"20140227_091308\"\n\t\t\t\tclass=\"ngg-simplelightbox\" rel=\"1e068e6674f874a4839f09264d5beed5\">\n\t\t\t\t<img\n\t\t\t\t\ttitle=\"20140227_091308\"\n\t\t\t\t\talt=\"20140227_091308\"\n\t\t\t\t\tsrc=\"https:\/\/www.litsat1.eu\/en\/wp-content\/blogs.dir\/2\/files\/ktu-radio-station\/cache\/20140227_091308.jpg-nggid016-ngg0dyn-194x146x100-00f0w010c011r110f110r010t010.jpg\"\n\t\t\t\t\twidth=\"194\"\n\t\t\t\t\theight=\"146\"\n\t\t\t\t\tstyle=\"max-width:100%;\"\n\t\t\t\t\/>\n\t\t\t<\/a>\n\t\t<\/div>\n\t\t\t\t\t\t\t<\/div>\n\t\t\t\n\t\t\n\t\t\t\t<div id=\"ngg-image-1\" class=\"ngg-gallery-thumbnail-box\"\n\t\t\t\t\t\t\t\t\t\t\t>\n\t\t\t\t\t\t<div class=\"ngg-gallery-thumbnail\">\n\t\t\t<a href=\"https:\/\/www.litsat1.eu\/en\/wp-content\/blogs.dir\/2\/files\/ktu-radio-station\/20140227_091333.jpg\"\n\t\t\t\ttitle=\"\"\n\t\t\t\tdata-src=\"https:\/\/www.litsat1.eu\/en\/wp-content\/blogs.dir\/2\/files\/ktu-radio-station\/20140227_091333.jpg\"\n\t\t\t\tdata-thumbnail=\"https:\/\/www.litsat1.eu\/en\/wp-content\/blogs.dir\/2\/files\/ktu-radio-station\/thumbs\/thumbs_20140227_091333.jpg\"\n\t\t\t\tdata-image-id=\"7\"\n\t\t\t\tdata-title=\"20140227_091333\"\n\t\t\t\tdata-description=\"\"\n\t\t\t\tdata-image-slug=\"20140227_091333\"\n\t\t\t\tclass=\"ngg-simplelightbox\" rel=\"1e068e6674f874a4839f09264d5beed5\">\n\t\t\t\t<img\n\t\t\t\t\ttitle=\"20140227_091333\"\n\t\t\t\t\talt=\"20140227_091333\"\n\t\t\t\t\tsrc=\"https:\/\/www.litsat1.eu\/en\/wp-content\/blogs.dir\/2\/files\/ktu-radio-station\/cache\/20140227_091333.jpg-nggid017-ngg0dyn-194x146x100-00f0w010c011r110f110r010t010.jpg\"\n\t\t\t\t\twidth=\"194\"\n\t\t\t\t\theight=\"146\"\n\t\t\t\t\tstyle=\"max-width:100%;\"\n\t\t\t\t\/>\n\t\t\t<\/a>\n\t\t<\/div>\n\t\t\t\t\t\t\t<\/div>\n\t\t\t\n\t\t\n\t\t\t\t<div id=\"ngg-image-2\" class=\"ngg-gallery-thumbnail-box\"\n\t\t\t\t\t\t\t\t\t\t\t>\n\t\t\t\t\t\t<div class=\"ngg-gallery-thumbnail\">\n\t\t\t<a href=\"https:\/\/www.litsat1.eu\/en\/wp-content\/blogs.dir\/2\/files\/ktu-radio-station\/20140227_091337.jpg\"\n\t\t\t\ttitle=\"\"\n\t\t\t\tdata-src=\"https:\/\/www.litsat1.eu\/en\/wp-content\/blogs.dir\/2\/files\/ktu-radio-station\/20140227_091337.jpg\"\n\t\t\t\tdata-thumbnail=\"https:\/\/www.litsat1.eu\/en\/wp-content\/blogs.dir\/2\/files\/ktu-radio-station\/thumbs\/thumbs_20140227_091337.jpg\"\n\t\t\t\tdata-image-id=\"8\"\n\t\t\t\tdata-title=\"20140227_091337\"\n\t\t\t\tdata-description=\"\"\n\t\t\t\tdata-image-slug=\"20140227_091337\"\n\t\t\t\tclass=\"ngg-simplelightbox\" rel=\"1e068e6674f874a4839f09264d5beed5\">\n\t\t\t\t<img\n\t\t\t\t\ttitle=\"20140227_091337\"\n\t\t\t\t\talt=\"20140227_091337\"\n\t\t\t\t\tsrc=\"https:\/\/www.litsat1.eu\/en\/wp-content\/blogs.dir\/2\/files\/ktu-radio-station\/cache\/20140227_091337.jpg-nggid018-ngg0dyn-194x146x100-00f0w010c011r110f110r010t010.jpg\"\n\t\t\t\t\twidth=\"194\"\n\t\t\t\t\theight=\"146\"\n\t\t\t\t\tstyle=\"max-width:100%;\"\n\t\t\t\t\/>\n\t\t\t<\/a>\n\t\t<\/div>\n\t\t\t\t\t\t\t<\/div>\n\t\t\t\n\t\t\n\t\t\t\t<div id=\"ngg-image-3\" class=\"ngg-gallery-thumbnail-box\"\n\t\t\t\t\t\t\t\t\t\t\t>\n\t\t\t\t\t\t<div class=\"ngg-gallery-thumbnail\">\n\t\t\t<a href=\"https:\/\/www.litsat1.eu\/en\/wp-content\/blogs.dir\/2\/files\/ktu-radio-station\/20140227_091344.jpg\"\n\t\t\t\ttitle=\"\"\n\t\t\t\tdata-src=\"https:\/\/www.litsat1.eu\/en\/wp-content\/blogs.dir\/2\/files\/ktu-radio-station\/20140227_091344.jpg\"\n\t\t\t\tdata-thumbnail=\"https:\/\/www.litsat1.eu\/en\/wp-content\/blogs.dir\/2\/files\/ktu-radio-station\/thumbs\/thumbs_20140227_091344.jpg\"\n\t\t\t\tdata-image-id=\"9\"\n\t\t\t\tdata-title=\"20140227_091344\"\n\t\t\t\tdata-description=\"\"\n\t\t\t\tdata-image-slug=\"20140227_091344\"\n\t\t\t\tclass=\"ngg-simplelightbox\" rel=\"1e068e6674f874a4839f09264d5beed5\">\n\t\t\t\t<img\n\t\t\t\t\ttitle=\"20140227_091344\"\n\t\t\t\t\talt=\"20140227_091344\"\n\t\t\t\t\tsrc=\"https:\/\/www.litsat1.eu\/en\/wp-content\/blogs.dir\/2\/files\/ktu-radio-station\/cache\/20140227_091344.jpg-nggid019-ngg0dyn-194x146x100-00f0w010c011r110f110r010t010.jpg\"\n\t\t\t\t\twidth=\"194\"\n\t\t\t\t\theight=\"146\"\n\t\t\t\t\tstyle=\"max-width:100%;\"\n\t\t\t\t\/>\n\t\t\t<\/a>\n\t\t<\/div>\n\t\t\t\t\t\t\t<\/div>\n\t\t\t\n\t\t\n\t\t\t\t<div id=\"ngg-image-4\" class=\"ngg-gallery-thumbnail-box\"\n\t\t\t\t\t\t\t\t\t\t\t>\n\t\t\t\t\t\t<div class=\"ngg-gallery-thumbnail\">\n\t\t\t<a href=\"https:\/\/www.litsat1.eu\/en\/wp-content\/blogs.dir\/2\/files\/ktu-radio-station\/20140227_091352.jpg\"\n\t\t\t\ttitle=\"\"\n\t\t\t\tdata-src=\"https:\/\/www.litsat1.eu\/en\/wp-content\/blogs.dir\/2\/files\/ktu-radio-station\/20140227_091352.jpg\"\n\t\t\t\tdata-thumbnail=\"https:\/\/www.litsat1.eu\/en\/wp-content\/blogs.dir\/2\/files\/ktu-radio-station\/thumbs\/thumbs_20140227_091352.jpg\"\n\t\t\t\tdata-image-id=\"10\"\n\t\t\t\tdata-title=\"20140227_091352\"\n\t\t\t\tdata-description=\"\"\n\t\t\t\tdata-image-slug=\"20140227_091352\"\n\t\t\t\tclass=\"ngg-simplelightbox\" rel=\"1e068e6674f874a4839f09264d5beed5\">\n\t\t\t\t<img\n\t\t\t\t\ttitle=\"20140227_091352\"\n\t\t\t\t\talt=\"20140227_091352\"\n\t\t\t\t\tsrc=\"https:\/\/www.litsat1.eu\/en\/wp-content\/blogs.dir\/2\/files\/ktu-radio-station\/cache\/20140227_091352.jpg-nggid0210-ngg0dyn-194x146x100-00f0w010c011r110f110r010t010.jpg\"\n\t\t\t\t\twidth=\"194\"\n\t\t\t\t\theight=\"146\"\n\t\t\t\t\tstyle=\"max-width:100%;\"\n\t\t\t\t\/>\n\t\t\t<\/a>\n\t\t<\/div>\n\t\t\t\t\t\t\t<\/div>\n\t\t\t\n\t\t\n\t\t\t\t<div id=\"ngg-image-5\" class=\"ngg-gallery-thumbnail-box\"\n\t\t\t\t\t\t\t\t\t\t\t>\n\t\t\t\t\t\t<div class=\"ngg-gallery-thumbnail\">\n\t\t\t<a href=\"https:\/\/www.litsat1.eu\/en\/wp-content\/blogs.dir\/2\/files\/ktu-radio-station\/20140227_091433.jpg\"\n\t\t\t\ttitle=\"\"\n\t\t\t\tdata-src=\"https:\/\/www.litsat1.eu\/en\/wp-content\/blogs.dir\/2\/files\/ktu-radio-station\/20140227_091433.jpg\"\n\t\t\t\tdata-thumbnail=\"https:\/\/www.litsat1.eu\/en\/wp-content\/blogs.dir\/2\/files\/ktu-radio-station\/thumbs\/thumbs_20140227_091433.jpg\"\n\t\t\t\tdata-image-id=\"11\"\n\t\t\t\tdata-title=\"20140227_091433\"\n\t\t\t\tdata-description=\"\"\n\t\t\t\tdata-image-slug=\"20140227_091433\"\n\t\t\t\tclass=\"ngg-simplelightbox\" rel=\"1e068e6674f874a4839f09264d5beed5\">\n\t\t\t\t<img\n\t\t\t\t\ttitle=\"20140227_091433\"\n\t\t\t\t\talt=\"20140227_091433\"\n\t\t\t\t\tsrc=\"https:\/\/www.litsat1.eu\/en\/wp-content\/blogs.dir\/2\/files\/ktu-radio-station\/cache\/20140227_091433.jpg-nggid0211-ngg0dyn-194x146x100-00f0w010c011r110f110r010t010.jpg\"\n\t\t\t\t\twidth=\"194\"\n\t\t\t\t\theight=\"146\"\n\t\t\t\t\tstyle=\"max-width:100%;\"\n\t\t\t\t\/>\n\t\t\t<\/a>\n\t\t<\/div>\n\t\t\t\t\t\t\t<\/div>\n\t\t\t\n\t\t\n\t\t\n\t\t<!-- Pagination -->\n\t\t<div class='ngg-clear'><\/div>\t<\/div>\n","protected":false},"excerpt":{"rendered":"<p>&nbsp; Liepiskes Radio Station KTU Radio Station<\/p>\n","protected":false},"author":1,"featured_media":0,"parent":25,"menu_order":14,"comment_status":"closed","ping_status":"closed","template":"","meta":{"ngg_post_thumbnail":0,"footnotes":""},"class_list":["post-79","page","type-page","status-publish","hentry"],"yoast_head":"<!-- This site is optimized with the Yoast SEO plugin v25.3.1 - https:\/\/yoast.com\/wordpress\/plugins\/seo\/ -->\n<title>The satellite communication stations - LitSAT-1 first Lithuanian sattelite<\/title>\n<meta name=\"robots\" content=\"index, follow, max-snippet:-1, max-image-preview:large, max-video-preview:-1\" \/>\n<link rel=\"canonical\" href=\"https:\/\/www.litsat1.eu\/en\/litsat-1-technical-overview\/satellite-receiving-station\/\" \/>\n<script type=\"application\/ld+json\" class=\"yoast-schema-graph\">{\"@context\":\"https:\/\/schema.org\",\"@graph\":[{\"@type\":\"WebPage\",\"@id\":\"https:\/\/www.litsat1.eu\/en\/litsat-1-technical-overview\/satellite-receiving-station\/\",\"url\":\"https:\/\/www.litsat1.eu\/en\/litsat-1-technical-overview\/satellite-receiving-station\/\",\"name\":\"The satellite communication stations - LitSAT-1 first Lithuanian sattelite\",\"isPartOf\":{\"@id\":\"https:\/\/www.litsat1.eu\/en\/#website\"},\"primaryImageOfPage\":{\"@id\":\"https:\/\/www.litsat1.eu\/en\/litsat-1-technical-overview\/satellite-receiving-station\/#primaryimage\"},\"image\":{\"@id\":\"https:\/\/www.litsat1.eu\/en\/litsat-1-technical-overview\/satellite-receiving-station\/#primaryimage\"},\"thumbnailUrl\":\"http:\/\/www.litsat1.eu\/en\/nextgen-attach_to_post\/preview\/id--322\",\"datePublished\":\"2014-02-03T10:46:29+00:00\",\"dateModified\":\"2014-03-03T11:54:22+00:00\",\"breadcrumb\":{\"@id\":\"https:\/\/www.litsat1.eu\/en\/litsat-1-technical-overview\/satellite-receiving-station\/#breadcrumb\"},\"inLanguage\":\"en-US\",\"potentialAction\":[{\"@type\":\"ReadAction\",\"target\":[\"https:\/\/www.litsat1.eu\/en\/litsat-1-technical-overview\/satellite-receiving-station\/\"]}]},{\"@type\":\"ImageObject\",\"inLanguage\":\"en-US\",\"@id\":\"https:\/\/www.litsat1.eu\/en\/litsat-1-technical-overview\/satellite-receiving-station\/#primaryimage\",\"url\":\"http:\/\/www.litsat1.eu\/en\/nextgen-attach_to_post\/preview\/id--322\",\"contentUrl\":\"http:\/\/www.litsat1.eu\/en\/nextgen-attach_to_post\/preview\/id--322\"},{\"@type\":\"BreadcrumbList\",\"@id\":\"https:\/\/www.litsat1.eu\/en\/litsat-1-technical-overview\/satellite-receiving-station\/#breadcrumb\",\"itemListElement\":[{\"@type\":\"ListItem\",\"position\":1,\"name\":\"LitSat-1\",\"item\":\"https:\/\/www.litsat1.eu\/en\/\"},{\"@type\":\"ListItem\",\"position\":2,\"name\":\"Technical Overview\",\"item\":\"https:\/\/www.litsat1.eu\/en\/litsat-1-technical-overview\/\"},{\"@type\":\"ListItem\",\"position\":3,\"name\":\"The satellite communication stations\"}]},{\"@type\":\"WebSite\",\"@id\":\"https:\/\/www.litsat1.eu\/en\/#website\",\"url\":\"https:\/\/www.litsat1.eu\/en\/\",\"name\":\"LitSAT-1 first Lithuanian sattelite\",\"description\":\"LitSAT-1 first Lithuanian sattelite\",\"potentialAction\":[{\"@type\":\"SearchAction\",\"target\":{\"@type\":\"EntryPoint\",\"urlTemplate\":\"https:\/\/www.litsat1.eu\/en\/?s={search_term_string}\"},\"query-input\":{\"@type\":\"PropertyValueSpecification\",\"valueRequired\":true,\"valueName\":\"search_term_string\"}}],\"inLanguage\":\"en-US\"}]}<\/script>\n<!-- \/ Yoast SEO plugin. -->","yoast_head_json":{"title":"The satellite communication stations - LitSAT-1 first Lithuanian sattelite","robots":{"index":"index","follow":"follow","max-snippet":"max-snippet:-1","max-image-preview":"max-image-preview:large","max-video-preview":"max-video-preview:-1"},"canonical":"https:\/\/www.litsat1.eu\/en\/litsat-1-technical-overview\/satellite-receiving-station\/","schema":{"@context":"https:\/\/schema.org","@graph":[{"@type":"WebPage","@id":"https:\/\/www.litsat1.eu\/en\/litsat-1-technical-overview\/satellite-receiving-station\/","url":"https:\/\/www.litsat1.eu\/en\/litsat-1-technical-overview\/satellite-receiving-station\/","name":"The satellite communication stations - LitSAT-1 first Lithuanian sattelite","isPartOf":{"@id":"https:\/\/www.litsat1.eu\/en\/#website"},"primaryImageOfPage":{"@id":"https:\/\/www.litsat1.eu\/en\/litsat-1-technical-overview\/satellite-receiving-station\/#primaryimage"},"image":{"@id":"https:\/\/www.litsat1.eu\/en\/litsat-1-technical-overview\/satellite-receiving-station\/#primaryimage"},"thumbnailUrl":"http:\/\/www.litsat1.eu\/en\/nextgen-attach_to_post\/preview\/id--322","datePublished":"2014-02-03T10:46:29+00:00","dateModified":"2014-03-03T11:54:22+00:00","breadcrumb":{"@id":"https:\/\/www.litsat1.eu\/en\/litsat-1-technical-overview\/satellite-receiving-station\/#breadcrumb"},"inLanguage":"en-US","potentialAction":[{"@type":"ReadAction","target":["https:\/\/www.litsat1.eu\/en\/litsat-1-technical-overview\/satellite-receiving-station\/"]}]},{"@type":"ImageObject","inLanguage":"en-US","@id":"https:\/\/www.litsat1.eu\/en\/litsat-1-technical-overview\/satellite-receiving-station\/#primaryimage","url":"http:\/\/www.litsat1.eu\/en\/nextgen-attach_to_post\/preview\/id--322","contentUrl":"http:\/\/www.litsat1.eu\/en\/nextgen-attach_to_post\/preview\/id--322"},{"@type":"BreadcrumbList","@id":"https:\/\/www.litsat1.eu\/en\/litsat-1-technical-overview\/satellite-receiving-station\/#breadcrumb","itemListElement":[{"@type":"ListItem","position":1,"name":"LitSat-1","item":"https:\/\/www.litsat1.eu\/en\/"},{"@type":"ListItem","position":2,"name":"Technical Overview","item":"https:\/\/www.litsat1.eu\/en\/litsat-1-technical-overview\/"},{"@type":"ListItem","position":3,"name":"The satellite communication stations"}]},{"@type":"WebSite","@id":"https:\/\/www.litsat1.eu\/en\/#website","url":"https:\/\/www.litsat1.eu\/en\/","name":"LitSAT-1 first Lithuanian sattelite","description":"LitSAT-1 first Lithuanian sattelite","potentialAction":[{"@type":"SearchAction","target":{"@type":"EntryPoint","urlTemplate":"https:\/\/www.litsat1.eu\/en\/?s={search_term_string}"},"query-input":{"@type":"PropertyValueSpecification","valueRequired":true,"valueName":"search_term_string"}}],"inLanguage":"en-US"}]}},"_links":{"self":[{"href":"https:\/\/www.litsat1.eu\/en\/wp-json\/wp\/v2\/pages\/79","targetHints":{"allow":["GET"]}}],"collection":[{"href":"https:\/\/www.litsat1.eu\/en\/wp-json\/wp\/v2\/pages"}],"about":[{"href":"https:\/\/www.litsat1.eu\/en\/wp-json\/wp\/v2\/types\/page"}],"author":[{"embeddable":true,"href":"https:\/\/www.litsat1.eu\/en\/wp-json\/wp\/v2\/users\/1"}],"replies":[{"embeddable":true,"href":"https:\/\/www.litsat1.eu\/en\/wp-json\/wp\/v2\/comments?post=79"}],"version-history":[{"count":11,"href":"https:\/\/www.litsat1.eu\/en\/wp-json\/wp\/v2\/pages\/79\/revisions"}],"predecessor-version":[{"id":323,"href":"https:\/\/www.litsat1.eu\/en\/wp-json\/wp\/v2\/pages\/79\/revisions\/323"}],"up":[{"embeddable":true,"href":"https:\/\/www.litsat1.eu\/en\/wp-json\/wp\/v2\/pages\/25"}],"wp:attachment":[{"href":"https:\/\/www.litsat1.eu\/en\/wp-json\/wp\/v2\/media?parent=79"}],"curies":[{"name":"wp","href":"https:\/\/api.w.org\/{rel}","templated":true}]}}