{"id":67,"date":"2014-02-03T12:39:20","date_gmt":"2014-02-03T10:39:20","guid":{"rendered":"http:\/\/www.litsat1.eu\/en\/?page_id=67"},"modified":"2014-03-03T13:54:22","modified_gmt":"2014-03-03T11:54:22","slug":"sensors","status":"publish","type":"page","link":"https:\/\/www.litsat1.eu\/en\/litsat-1-technical-overview\/sensors\/","title":{"rendered":"Sensors"},"content":{"rendered":"<p>\r\n    <\/p><div><strong>The information to the ground station is transmitted from:<\/strong><a target=\"_blank\" href=\"\/en\/wp-content\/uploads\/2014\/02\/bendras.png\"><img loading=\"lazy\" decoding=\"async\" src=\"\/en\/wp-content\/uploads\/2014\/02\/bendras-300x282.png\" class=\"wp-image-1141 alignright\" height=\"282\" width=\"300\" \/><\/a><\/div><div>\r\n<\/div><div>\r\n\r\n<ul>\r\n    <li>\r\n        <a href=\"#Temperature_sensors\">Temperature sensors<\/a>\r\n    <\/li><li><a href=\"#Magnetic_field\">Magnetic field sensors<\/a><\/li><li><a href=\"#Accelerometers_gyroscopes\">Accelerometers and gyroscopes<\/a><\/li><li><a href=\"#Light_sensors\">Light sensors<\/a><\/li><li><a href=\"#Energy_budget\">Energy budget monitoring and control system<\/a><\/li><li><a href=\"#Navigational_system\">Navigational system<\/a><br \/><br \/><\/li>\r\n    \r\n<\/ul><br \/>\r\n\r\n\r\n\r\n<\/div><div>\r\n    <\/div><div>\r\n    <a id=\"Temperat\u016bros jutikli\u0173, i\u0161d\u0117styt\u0173 palydovo korpuso t\u016bryje\" name=\"Temperat\u016bros jutikli\u0173, i\u0161d\u0117styt\u0173 palydovo korpuso t\u016bryje\"><\/a><span style=\"color: #2f2f2f;\"><strong>Temperature sensors mounted in the satellite chassis<br \/><br \/><\/strong><\/span><\/div><div style=\"text-align: justify;\">The purpose of the temperature sensors is to register temperature regime of the internal blocks of the satellite. Big temperature fluctuations make significant impact to the satellite LitSat-1. Temperature variations are the result of the satellite&#8217;s journey from light orbit zone to the shadow zone. The temperature sensors are implemented in these important blocks of the satellite, which are:<\/div><div><ul><li>Solar cells<\/li><li>Main board<\/li><li>Main processor<\/li><li>Energy budget monitoring and control system<\/li><\/ul><ul>\r\n<\/ul>\r\n\r\n<\/div><div>\r\n    <\/div><div style=\"text-align: justify;\">Besides the essential information about the temperature fluctuations,\u00a0 the temperature sensors in each solar cell will acquire information about the satellite orientation regarding the Sun.<br \/><br \/><\/div><div>\r\n\r\n<\/div><div>\r\n    <a id=\"Magnetic_field\" name=\"Magnetinio lauko jutikli\u0173\"><\/a><span style=\"color: #2f2f2f;\"><strong>Magnetic field sensors<br \/><br \/><\/strong><\/span>\r\n<\/div><div>\r\n\r\n<\/div><div>\r\n    <\/div><div style=\"text-align: justify;\">Magnetic field is an invaluable treasure for the inhabitants of the Earth, as it secures us from the dangerous radiation from the space. It is important for the nano satellites as well, because passive magnetic orientation systems work only under the presence of the magnetic field. The passive magnetic orientation system is implemented in LitSat-1 satellite., where the direction of the magnetic field will be calculated from the 3-axis magnetic field sensor data. The data from the sensor will be transferred to the main processor and will be used to calculate of the satellite orientation towards\u00a0 the Earth.<br \/><br \/>\r\n<\/div><div>\r\n\r\n<\/div><div>\r\n    <a id=\"Accelerometers_gyroscopes\" name=\"Akselerometr\u0173 ir giroskop\u0173\"><\/a><strong>Accelerometers and gyroscopes<br \/><br \/><\/strong>\r\n<\/div><div>\r\n\r\n<\/div><div>\r\n    <\/div><div style=\"text-align: justify;\">Mechanical processes which happen in the unsteered satellite, such as the initial rotational moment and\u00a0 unfolding of the antennas, will determine\u00a0 the satellite&#8217;s rotational speed and direction. The rotational speed will be evaluated using the data from the 3-axis accelerometers and gyroscopes. The data from the sensors will be to monitor\u00a0 the passive magnetic orientation system performance.<br \/><br \/>\r\n<\/div><div>\r\n\r\n<\/div><div>\r\n    <a id=\"Light_sensors\" name=\"\u0160viesos energetinio srauto jutikli\u0173\"><\/a><strong>Light sensors<br \/><br \/><\/strong>\r\n<\/div><div>\r\n\r\n<\/div><div>\r\n    <\/div><div style=\"text-align: justify;\">The light sensors are mounted on each solar cell of the satellite. The data from the light sensors will enable to acquire more data about the solar radiation level to each solar cell. The data will be also useful both to determine the satellite&#8217;s orientation regarding the Sun and the rotational parameters.<br \/><br \/><\/div><div>\r\n\r\n<\/div><div>\r\n    <a id=\"Energy_budget\" name=\"Energijos biud\u017eeto steb\u0117senos ir valdymo sistemos\"><\/a><strong>Energy budget monitoring and control system<br \/><br \/><\/strong>\r\n<\/div><div>\r\n\r\n<\/div><div>\r\n    <\/div><div style=\"text-align: justify;\">In order to use the available energy from solar cells in the most efficient way, the energy budget monitoring and control system is implemented in the satellite LitSat-1. The system will report the energy level accumulated in batteries, the energy available from the solar cells,\u00a0 and the temperature regime of the voltage converters. The energy data is essential for the main processor to ensure the vital functions of the LitSat-1 satellite.<br \/><br \/><\/div><div>\r\n\r\n<\/div><div>\r\n    <a id=\"Navigational_system\" name=\"Navigacin\u0117s sistemos\"><\/a><strong>Navigational system<br \/><br \/><\/strong>\r\n<\/div><div>\r\n\r\n<\/div><div>\r\n    <\/div><div style=\"text-align: justify;\">The navigational system is implemented in the satellite, which will enable LitSat-1 to acquire data about the orbital parameters.<\/div><div><br \/>\r\n<\/div>\r\n\r\n<p style=\"text-align: right;\">\r\n    <a href=\"#top\" style=\"line-height: 21px; font-style: inherit; font-variant: inherit; font-weight: inherit;\">Back to top<\/a>\r\n<\/p>\r\n","protected":false},"excerpt":{"rendered":"<p>The information to the ground station is transmitted from: Temperature sensors Magnetic field sensorsAccelerometers and gyroscopesLight sensorsEnergy budget monitoring and <span class=\"ellipsis\">&hellip;<\/span> <span class=\"more-link-wrap\"><a href=\"https:\/\/www.litsat1.eu\/en\/litsat-1-technical-overview\/sensors\/\" class=\"more-link\"><span>Read More &rarr;<\/span><\/a><\/span><\/p>\n","protected":false},"author":1,"featured_media":0,"parent":25,"menu_order":12,"comment_status":"closed","ping_status":"closed","template":"","meta":{"ngg_post_thumbnail":0,"footnotes":""},"class_list":["post-67","page","type-page","status-publish","hentry"],"yoast_head":"<!-- This site is optimized with the Yoast SEO plugin v25.3.1 - https:\/\/yoast.com\/wordpress\/plugins\/seo\/ -->\n<title>Sensors - LitSAT-1 first Lithuanian sattelite<\/title>\n<meta name=\"robots\" content=\"index, follow, max-snippet:-1, max-image-preview:large, max-video-preview:-1\" \/>\n<link rel=\"canonical\" href=\"https:\/\/www.litsat1.eu\/en\/litsat-1-technical-overview\/sensors\/\" \/>\n<meta name=\"twitter:label1\" content=\"Est. reading time\" \/>\n\t<meta name=\"twitter:data1\" content=\"2 minutes\" \/>\n<script type=\"application\/ld+json\" class=\"yoast-schema-graph\">{\"@context\":\"https:\/\/schema.org\",\"@graph\":[{\"@type\":\"WebPage\",\"@id\":\"https:\/\/www.litsat1.eu\/en\/litsat-1-technical-overview\/sensors\/\",\"url\":\"https:\/\/www.litsat1.eu\/en\/litsat-1-technical-overview\/sensors\/\",\"name\":\"Sensors - LitSAT-1 first Lithuanian sattelite\",\"isPartOf\":{\"@id\":\"https:\/\/www.litsat1.eu\/en\/#website\"},\"datePublished\":\"2014-02-03T10:39:20+00:00\",\"dateModified\":\"2014-03-03T11:54:22+00:00\",\"breadcrumb\":{\"@id\":\"https:\/\/www.litsat1.eu\/en\/litsat-1-technical-overview\/sensors\/#breadcrumb\"},\"inLanguage\":\"en-US\",\"potentialAction\":[{\"@type\":\"ReadAction\",\"target\":[\"https:\/\/www.litsat1.eu\/en\/litsat-1-technical-overview\/sensors\/\"]}]},{\"@type\":\"BreadcrumbList\",\"@id\":\"https:\/\/www.litsat1.eu\/en\/litsat-1-technical-overview\/sensors\/#breadcrumb\",\"itemListElement\":[{\"@type\":\"ListItem\",\"position\":1,\"name\":\"LitSat-1\",\"item\":\"https:\/\/www.litsat1.eu\/en\/\"},{\"@type\":\"ListItem\",\"position\":2,\"name\":\"Technical Overview\",\"item\":\"https:\/\/www.litsat1.eu\/en\/litsat-1-technical-overview\/\"},{\"@type\":\"ListItem\",\"position\":3,\"name\":\"Sensors\"}]},{\"@type\":\"WebSite\",\"@id\":\"https:\/\/www.litsat1.eu\/en\/#website\",\"url\":\"https:\/\/www.litsat1.eu\/en\/\",\"name\":\"LitSAT-1 first Lithuanian sattelite\",\"description\":\"LitSAT-1 first Lithuanian sattelite\",\"potentialAction\":[{\"@type\":\"SearchAction\",\"target\":{\"@type\":\"EntryPoint\",\"urlTemplate\":\"https:\/\/www.litsat1.eu\/en\/?s={search_term_string}\"},\"query-input\":{\"@type\":\"PropertyValueSpecification\",\"valueRequired\":true,\"valueName\":\"search_term_string\"}}],\"inLanguage\":\"en-US\"}]}<\/script>\n<!-- \/ Yoast SEO plugin. -->","yoast_head_json":{"title":"Sensors - LitSAT-1 first Lithuanian sattelite","robots":{"index":"index","follow":"follow","max-snippet":"max-snippet:-1","max-image-preview":"max-image-preview:large","max-video-preview":"max-video-preview:-1"},"canonical":"https:\/\/www.litsat1.eu\/en\/litsat-1-technical-overview\/sensors\/","twitter_misc":{"Est. reading time":"2 minutes"},"schema":{"@context":"https:\/\/schema.org","@graph":[{"@type":"WebPage","@id":"https:\/\/www.litsat1.eu\/en\/litsat-1-technical-overview\/sensors\/","url":"https:\/\/www.litsat1.eu\/en\/litsat-1-technical-overview\/sensors\/","name":"Sensors - LitSAT-1 first Lithuanian sattelite","isPartOf":{"@id":"https:\/\/www.litsat1.eu\/en\/#website"},"datePublished":"2014-02-03T10:39:20+00:00","dateModified":"2014-03-03T11:54:22+00:00","breadcrumb":{"@id":"https:\/\/www.litsat1.eu\/en\/litsat-1-technical-overview\/sensors\/#breadcrumb"},"inLanguage":"en-US","potentialAction":[{"@type":"ReadAction","target":["https:\/\/www.litsat1.eu\/en\/litsat-1-technical-overview\/sensors\/"]}]},{"@type":"BreadcrumbList","@id":"https:\/\/www.litsat1.eu\/en\/litsat-1-technical-overview\/sensors\/#breadcrumb","itemListElement":[{"@type":"ListItem","position":1,"name":"LitSat-1","item":"https:\/\/www.litsat1.eu\/en\/"},{"@type":"ListItem","position":2,"name":"Technical Overview","item":"https:\/\/www.litsat1.eu\/en\/litsat-1-technical-overview\/"},{"@type":"ListItem","position":3,"name":"Sensors"}]},{"@type":"WebSite","@id":"https:\/\/www.litsat1.eu\/en\/#website","url":"https:\/\/www.litsat1.eu\/en\/","name":"LitSAT-1 first Lithuanian sattelite","description":"LitSAT-1 first Lithuanian sattelite","potentialAction":[{"@type":"SearchAction","target":{"@type":"EntryPoint","urlTemplate":"https:\/\/www.litsat1.eu\/en\/?s={search_term_string}"},"query-input":{"@type":"PropertyValueSpecification","valueRequired":true,"valueName":"search_term_string"}}],"inLanguage":"en-US"}]}},"_links":{"self":[{"href":"https:\/\/www.litsat1.eu\/en\/wp-json\/wp\/v2\/pages\/67","targetHints":{"allow":["GET"]}}],"collection":[{"href":"https:\/\/www.litsat1.eu\/en\/wp-json\/wp\/v2\/pages"}],"about":[{"href":"https:\/\/www.litsat1.eu\/en\/wp-json\/wp\/v2\/types\/page"}],"author":[{"embeddable":true,"href":"https:\/\/www.litsat1.eu\/en\/wp-json\/wp\/v2\/users\/1"}],"replies":[{"embeddable":true,"href":"https:\/\/www.litsat1.eu\/en\/wp-json\/wp\/v2\/comments?post=67"}],"version-history":[{"count":16,"href":"https:\/\/www.litsat1.eu\/en\/wp-json\/wp\/v2\/pages\/67\/revisions"}],"predecessor-version":[{"id":369,"href":"https:\/\/www.litsat1.eu\/en\/wp-json\/wp\/v2\/pages\/67\/revisions\/369"}],"up":[{"embeddable":true,"href":"https:\/\/www.litsat1.eu\/en\/wp-json\/wp\/v2\/pages\/25"}],"wp:attachment":[{"href":"https:\/\/www.litsat1.eu\/en\/wp-json\/wp\/v2\/media?parent=67"}],"curies":[{"name":"wp","href":"https:\/\/api.w.org\/{rel}","templated":true}]}}